{"id":9853,"date":"2022-11-17T14:01:58","date_gmt":"2022-11-17T10:01:58","guid":{"rendered":"https:\/\/lagishop.ge\/?post_type=product&#038;p=9853"},"modified":"2024-05-14T18:36:23","modified_gmt":"2024-05-14T14:36:23","slug":"dji-mini-3-pro-dji-rc-white","status":"publish","type":"product","link":"https:\/\/lagishop.ge\/en\/product\/dji-mini-3-pro-dji-rc-white\/","title":{"rendered":"DJI Mini 3 Pro (DJI RC) White"},"content":{"rendered":"<p><strong>Brand:<\/strong> DJI<\/p>\n<p><strong>Model:<\/strong> Mini 3 Pro<\/p>\n<p><strong>Weight:<\/strong> &lt;249 \u10d2<\/p>\n<p><strong>Max. ascent speed: <\/strong>5 m\/s (S Mode), 3 m\/s (N Mode), 2 m\/s (C Mode)<\/p>\n<p><strong>Max. descent speed: <\/strong>5 m\/s (S Mode), 3 m\/s (N Mode), 1.5 m\/s (C Mode)<\/p>\n<p><strong>Max flight speed: <\/strong>16 m\/s (S Mode), 10 m\/s (N Mode), 6 m\/s (C Mode)<\/p>\n<p><strong>Max flight time:<\/strong> 34 mins (with Intelligent Flight Battery and measured while flying at 21.6 kph in windless conditions), 47 mins (with Intelligent Flight Battery Plus and measured while flying at 21.6 kph in windless conditions)<\/p>\n<p><strong>GPS:<\/strong> GPS, GALILEO, BeiDou<\/p>\n<p><strong>Max. image size:<\/strong> 4:3: 8064\u00d76048 (48 MP), 4032\u00d73024 (12 MP) 16:9: 4032\u00d72268 (12 MP)<\/p>\n<p><strong>Video resolution:<\/strong> 4K: 3840\u00d72160@24\/25\/30\/48\/50\/60fps 2.7K: 2720\u00d71530@24\/25\/30\/48\/50\/60fps FHD: 1920\u00d71080@24\/25\/30\/48\/50\/60fps Slow Motion: 1920\u00d71080@120fps<\/p>\n<p><strong>Zoom range:<\/strong> 4K: 2x, 2.7K: 3x, FHD: 4x<\/p>\n<p><strong>Operating system:<\/strong> iOS v11.0 or later Android v6.0 or later<\/p>\n<p><strong>Memory card:<\/strong> UHS-I Speed Class 3 or above is required<\/p>","protected":false},"excerpt":{"rendered":"<p>\u10d1\u10e0\u10d4\u10dc\u10d3\u10d8: DJI \u10db\u10dd\u10d3\u10d4\u10da\u10d8: Mini 3 Pro \u10ec\u10dd\u10dc\u10d0: &lt;249 \u10d2 \u10db\u10d0\u10e5\u10e1. \u10d0\u10e4\u10e0\u10d4\u10dc\u10d8\u10e1 \u10e1\u10d8\u10e9\u10e5\u10d0\u10e0\u10d4: 5 m\/s (S Mode), 3 m\/s (N Mode),<\/p>","protected":false},"featured_media":9854,"template":"","meta":[],"product_brand":[],"product_cat":[250],"product_tag":[],"class_list":{"0":"post-9853","1":"product","2":"type-product","3":"status-publish","4":"has-post-thumbnail","6":"product_cat-dronebi","7":"product_shipping_class-10-lari","9":"first","10":"outofstock","11":"shipping-taxable","12":"purchasable","13":"product-type-simple"},"_links":{"self":[{"href":"https:\/\/lagishop.ge\/en\/wp-json\/wp\/v2\/product\/9853","targetHints":{"allow":["GET"]}}],"collection":[{"href":"https:\/\/lagishop.ge\/en\/wp-json\/wp\/v2\/product"}],"about":[{"href":"https:\/\/lagishop.ge\/en\/wp-json\/wp\/v2\/types\/product"}],"wp:featuredmedia":[{"embeddable":true,"href":"https:\/\/lagishop.ge\/en\/wp-json\/wp\/v2\/media\/9854"}],"wp:attachment":[{"href":"https:\/\/lagishop.ge\/en\/wp-json\/wp\/v2\/media?parent=9853"}],"wp:term":[{"taxonomy":"product_brand","embeddable":true,"href":"https:\/\/lagishop.ge\/en\/wp-json\/wp\/v2\/product_brand?post=9853"},{"taxonomy":"product_cat","embeddable":true,"href":"https:\/\/lagishop.ge\/en\/wp-json\/wp\/v2\/product_cat?post=9853"},{"taxonomy":"product_tag","embeddable":true,"href":"https:\/\/lagishop.ge\/en\/wp-json\/wp\/v2\/product_tag?post=9853"}],"curies":[{"name":"wp","href":"https:\/\/api.w.org\/{rel}","templated":true}]}}